{"id":6735,"date":"2015-12-03T11:20:12","date_gmt":"2015-12-03T09:20:12","guid":{"rendered":"http:\/\/www.hanvar.ee\/uus\/?page_id=6735"},"modified":"2026-03-20T10:02:05","modified_gmt":"2026-03-20T08:02:05","slug":"arstide-vastuvotuajad","status":"publish","type":"page","link":"http:\/\/www.hanvar.ee\/uus\/fi\/arstide-vastuvotuajad\/","title":{"rendered":"L\u00e4\u00e4k\u00e4rien vastaanottoajat"},"content":{"rendered":"<p>\n<p><strong>Gynekologi<br \/>\n<\/strong>dr. Varje Haavel<br \/>\nvarje.haavel@hanvar.ee<\/p>\n<p>Ma: 9.00-15.00<br \/>\nTis: 12.00-17.00<br \/>\nTor: 9.00-15.00<br \/>\nPer: 9.00-15.00\u00a0\u00a0<\/p>\n<p><strong>Kirurgi<\/strong><br \/>\ndr. Hannes Haavel<br \/>\nhannes.haavel@hanvar.ee<\/p>\n<p>Ma: 10,00-14.00<br \/>\nTis: 10,.00- 14.00<br \/>\nKes: 10,00-14.00<br \/>\nTor: 10,00-14.00<br \/>\nPer: 10,00-14.00<\/p>\n<p><strong>Perhel\u00e4\u00e4k\u00e4ri<br \/>\n<\/strong>dr. Triin Nirgi<\/p>\n<p>Ma; 9,00-13,00<br \/>\nTis; 14,00-18,00<br \/>\nKes:\u00a010,00-14,00<br \/>\nTor: 9,00-13,00<br \/>\nPer: 9,00-13,00<\/p>\n<p>PS! verikokeet ja menettelut, ty\u00f6p\u00e4ivien aamulla 8,00-9,00!<\/p>\n<hr \/>\n<p><strong>Neurologi<\/strong><\/p>\n<p>\n<\/p>\n<hr \/>\n<p><strong>Hammasl\u00e4\u00e4k\u00e4ri<\/strong><\/p>\n<p>23-24.01.2025<\/p>\n<hr \/>\n<p><strong>Kiropraktikko<\/strong>\u00a0<br \/>\nJaak Lill<\/p>\n<p>Vastanotto yksi kerta kuuden:<br \/>\n21.02.2025<\/p>\n<br \/>\n<br \/>\n<br \/>\n<p>","protected":false},"excerpt":{"rendered":"<p>Gynekologi dr. Varje Haavel varje.haavel@hanvar.ee Ma: 9.00-15.00 Tis: 12.00-17.00 Tor: 9.00-15.00 Per: 9.00-15.00\u00a0\u00a0 Kirurgi dr. Hannes Haavel hannes.haavel@hanvar.ee Ma: 10,00-14.00 Tis: 10,.00- 14.00 Kes: 10,00-14.00 Tor: 10,00-14.00 Per: 10,00-14.00 Perhel\u00e4\u00e4k\u00e4ri dr. Triin Nirgi Ma; 9,00-13,00 Tis; 14,00-18,00 Kes:\u00a010,00-14,00 Tor: 9,00-13,00 Per: 9,00-13,00 PS! verikokeet ja menettelut, ty\u00f6p\u00e4ivien aamulla 8,00-9,00! Neurologi Hammasl\u00e4\u00e4k\u00e4ri 23-24.01.2025 Kiropraktikko\u00a0 Jaak Lill&#8230;<\/p>\n","protected":false},"author":1,"featured_media":0,"parent":0,"menu_order":0,"comment_status":"closed","ping_status":"closed","template":"","meta":{"footnotes":""},"class_list":["post-6735","page","type-page","status-publish","hentry"],"_links":{"self":[{"href":"http:\/\/www.hanvar.ee\/uus\/fi\/wp-json\/wp\/v2\/pages\/6735","targetHints":{"allow":["GET"]}}],"collection":[{"href":"http:\/\/www.hanvar.ee\/uus\/fi\/wp-json\/wp\/v2\/pages"}],"about":[{"href":"http:\/\/www.hanvar.ee\/uus\/fi\/wp-json\/wp\/v2\/types\/page"}],"author":[{"embeddable":true,"href":"http:\/\/www.hanvar.ee\/uus\/fi\/wp-json\/wp\/v2\/users\/1"}],"replies":[{"embeddable":true,"href":"http:\/\/www.hanvar.ee\/uus\/fi\/wp-json\/wp\/v2\/comments?post=6735"}],"version-history":[{"count":373,"href":"http:\/\/www.hanvar.ee\/uus\/fi\/wp-json\/wp\/v2\/pages\/6735\/revisions"}],"predecessor-version":[{"id":8177,"href":"http:\/\/www.hanvar.ee\/uus\/fi\/wp-json\/wp\/v2\/pages\/6735\/revisions\/8177"}],"wp:attachment":[{"href":"http:\/\/www.hanvar.ee\/uus\/fi\/wp-json\/wp\/v2\/media?parent=6735"}],"curies":[{"name":"wp","href":"https:\/\/api.w.org\/{rel}","templated":true}]}}