{"id":84,"date":"2012-11-14T08:54:30","date_gmt":"2012-11-14T08:54:30","guid":{"rendered":"http:\/\/roundone.cmsmasters.net\/?page_id=84"},"modified":"2026-01-06T10:24:16","modified_gmt":"2026-01-06T08:24:16","slug":"contacts","status":"publish","type":"page","link":"http:\/\/www.hanvar.ee\/uus\/fi\/contacts\/","title":{"rendered":"Yhteystiedot ja sijainti"},"content":{"rendered":"<p>\n<table width=\"100%\">\n<tbody>\n<tr valign=\"top\">\n<td width=\"50%\">\n<p><strong>Vastaanotto avoinna:<\/strong> <br \/>\nMa; Ke; To: 8.00-18.00 <br \/>\nTi: 8.00-18.00 <br \/>\nPe: 8.00-17.00<\/p>\n<p>puhelin:+372 45 33 380 <br \/>\nfax: +372 45 33 380 <br \/>\ne-mail: registratuur@hanvar.ee<\/p>\n<p>Naisten l\u00e4\u00e4k\u00e4ri tohtori Varje Haavel: varje.haavel@hanvar.ee<\/p>\n<p>Kirurgi tohtori Hannes Haavel: hannes.haavel@hanvar.ee<\/p>\n<p>Yleisl\u00e4\u00e4k\u00e4ri: +372 45 38 830<\/p>\n<p>Nuorten neuvontakabinetti ja Perhekoulu: +372 45 33 382; noustamis.keskus@mail.ee<\/p>\n<\/td>\n<td width=\"50%\"><iframe loading=\"lazy\" style=\"border: 0px currentColor;\" src=\"https:\/\/www.google.com\/maps\/embed?pb=!1m18!1m12!1m3!1d2099.1853864765926!2d22.479396951880812!3d58.25527838120415!2m3!1f0!2f0!3f0!3m2!1i1024!2i768!4f13.1!3m3!1m2!1s0x46f26ce2dbbdc101%3A0xf0afcfc203605897!2sHanvar+Erakliinik+AS!5e0!3m2!1set!2see!4v1447922412206\" width=\"100%\" height=\"350\" frameborder=\"0\" allowfullscreen=\"allowfullscreen\"><\/iframe><\/td>\n<\/tr>\n<\/tbody>\n<\/table>\n<p>","protected":false},"excerpt":{"rendered":"<p>Vastaanotto avoinna: Ma; Ke; To: 8.00-18.00 Ti: 8.00-18.00 Pe: 8.00-17.00 puhelin:+372 45 33 380 fax: +372 45 33 380 e-mail: registratuur@hanvar.ee Naisten l\u00e4\u00e4k\u00e4ri tohtori Varje Haavel: varje.haavel@hanvar.ee Kirurgi tohtori Hannes Haavel: hannes.haavel@hanvar.ee Yleisl\u00e4\u00e4k\u00e4ri: +372 45 38 830 Nuorten neuvontakabinetti ja Perhekoulu: +372 45 33 382; noustamis.keskus@mail.ee<\/p>\n","protected":false},"author":1,"featured_media":0,"parent":0,"menu_order":5,"comment_status":"closed","ping_status":"closed","template":"","meta":{"footnotes":""},"class_list":["post-84","page","type-page","status-publish","hentry"],"_links":{"self":[{"href":"http:\/\/www.hanvar.ee\/uus\/fi\/wp-json\/wp\/v2\/pages\/84","targetHints":{"allow":["GET"]}}],"collection":[{"href":"http:\/\/www.hanvar.ee\/uus\/fi\/wp-json\/wp\/v2\/pages"}],"about":[{"href":"http:\/\/www.hanvar.ee\/uus\/fi\/wp-json\/wp\/v2\/types\/page"}],"author":[{"embeddable":true,"href":"http:\/\/www.hanvar.ee\/uus\/fi\/wp-json\/wp\/v2\/users\/1"}],"replies":[{"embeddable":true,"href":"http:\/\/www.hanvar.ee\/uus\/fi\/wp-json\/wp\/v2\/comments?post=84"}],"version-history":[{"count":81,"href":"http:\/\/www.hanvar.ee\/uus\/fi\/wp-json\/wp\/v2\/pages\/84\/revisions"}],"predecessor-version":[{"id":8168,"href":"http:\/\/www.hanvar.ee\/uus\/fi\/wp-json\/wp\/v2\/pages\/84\/revisions\/8168"}],"wp:attachment":[{"href":"http:\/\/www.hanvar.ee\/uus\/fi\/wp-json\/wp\/v2\/media?parent=84"}],"curies":[{"name":"wp","href":"https:\/\/api.w.org\/{rel}","templated":true}]}}