{"id":7017,"date":"2016-06-07T15:19:29","date_gmt":"2016-06-07T13:19:29","guid":{"rendered":"http:\/\/www.hanvar.ee\/uus\/?page_id=7017"},"modified":"2025-05-21T12:22:40","modified_gmt":"2025-05-21T10:22:40","slug":"patsiendile","status":"publish","type":"page","link":"http:\/\/www.hanvar.ee\/uus\/patsiendile\/","title":{"rendered":"Patsiendile"},"content":{"rendered":"<p>\n<p>AS HANVAR VISIIDITASU rakendamise kord 01.04.2025<\/p>\n<p>Alates 01.04.2025 rakendatakse AS Hanvaris visiiditasu vastavalt <br \/>\nRavikindlustuse seadusele \u00a7 70.<br \/>\nAmbulatoorse eriarstiabi visiiditasu:<br \/>\nAmbulatoorse eriarstiabi visiiditasu piirm\u00e4\u00e4r hakkab muudatuste kohaselt olema senise viie euro asemel 20 eurot.<br \/>\nSamas n\u00e4hakse ette ravikindlustatud isikute r\u00fchmad, kellele kehtib soodsam. viie euro suurune visiiditasu piirm\u00e4\u00e4r:<br \/>\n1) alla 19-aastane;<br \/>\n2) rase;<br \/>\n3) alla \u00fcheaastase lapse ema;<br \/>\n4) \u00fcle 63-aastane;<br \/>\n5) riikliku pensionikindlustuse seaduse alusel t\u00f6\u00f6v\u00f5imetuspensioni v\u00f5i vanaduspensioni saaja;<br \/>\n6) t\u00f6\u00f6v\u00f5imetoetuse seaduse alusel tuvastatud osalise v\u00f5i puuduva t\u00f6\u00f6v\u00f5imega;<br \/>\n7) t\u00f6\u00f6tu t\u00f6\u00f6turumeetmete seaduse t\u00e4henduses;<br \/>\n8) sotsiaalhoolekande seaduse alusel toimetulekutoetuse saaja ja tema perekonnaliige, kui isikule v\u00f5i tema perekonnale on ambulatoorse eriarstiabi osutamise kuul v\u00f5i sellele eelnenud kahel kuul makstud toimetulekutoetust.<\/p>\n<p><strong>Vastutuskindlustus<\/strong><\/p>\n<p><strong>Kindlustusandja:<\/strong>\u00a0PZU Kindlustus (AB \u201eLietuvos draudimas\u201c Eesti filiaal)<\/p>\n<p><strong>Kindlustuskaitse periood:<\/strong> 07<em>.11.2024-06.11.2025<\/em>\u00a0(kindlustusperioodi v\u00e4lja palume t\u00e4ita kindlustusv\u00f5tjal vastavalt lepingule)<\/p>\n<p><strong>Kindlustussumma:<\/strong><br \/>\n3 000 000 \u20ac kindlustusperioodi kohta<br \/>\n300 000 \u20ac kindlustusjuhtumi kohta<br \/>\n100 000 \u20ac \u00f5igustatud isiku kohta<\/p>\n<p><strong>Mittevaralise kahju kindlustussumma:<\/strong><br \/>\n100 000 \u20ac kindlustusjuhtumi kohta<br \/>\n30 000 \u20ac \u00f5igustatud isiku kohta<\/p>\n<p><strong>Kahjun\u00f5ude esitamine:<\/strong>\u00a0tervishoiuteenuse enda kontakt v\u00f5i\u00a0<a href=\"https:\/\/www.pzu.ee\/iseteenindus\/\">PZU Kindlustuse Iseteenindus<\/a><br \/>\nKahju esitamiseks palun t\u00e4itke\u00a0<a href=\"https:\/\/www.pzu.ee\/iseteenindus\/\">PZU Kindlustuse Iseteeninduses<\/a>\u00a0olev vorm ning kindlustusandja v\u00f5tab teiega \u00fchendust.<\/p>\n<p><strong>ERAKLIINIK HANVARI RAVIJ\u00c4RJEKORDADE PIDAMISE KORD<\/strong><\/p>\n<p><strong>Tervishoiuteenuste k\u00e4ttesaadavuse \u00fcldn\u00f5uded: <\/strong><\/p>\n<p>(1) Tervishoiuteenust v\u00f5ib osutada ravij\u00e4rjekorra alusel juhul, kui tervishoiuteenuse osutajal puudub v\u00f5imalus tervishoiuteenust osutada kohe ning tervishoiuteenuse osutamise edasil\u00fckkamine kindlaksm\u00e4\u00e4ratud t\u00e4htajani ei p\u00f5hjusta patsiendi tervise seisundi halvenemist, ei m\u00f5juta haiguse kulgu ega halvenda haiguse hilisemat prognoosi.<br \/>\n(2) Ravij\u00e4rjekorda registreeritud patsient peab vajaliku tervishoiuteenuse saama minimaalse aja jooksul, l\u00e4htudes tervishoiuteenuse meditsiinilisest vajadusest ja j\u00e4rgmistest p\u00f5him\u00f5tetest:<br \/>\n1) sarnase meditsiinilise vajadusega patsientidele osutatakse tervishoiuteenust samasugustel tingimustel; <br \/>\n2) patsiendile tervishoiuteenuse saamiseks kindlaksm\u00e4\u00e4ratud t\u00e4htaeg s\u00f5ltub tervishoiuteenuse meditsiinilisest vajadusest.<br \/>\n(3) Erakliinik Hanvaris on patsiendile v\u00e4lja pandud n\u00e4htavale kohale j\u00e4rgmine teave:<br \/>\n1) vastuv\u00f5tuaegade info erialade kaupa; <br \/>\n2) v\u00e4ljaspool vastuv\u00f5tuaega v\u00e4ltimatu abi vajadusel l\u00e4hima v\u00e4ltimatut abi\u00a0\u00a0 \u00f6\u00f6p\u00e4evaringselt osutava tervishoiuteenuse osutaja kontaktandmed; <br \/>\n3) tervishoiuteenuse k\u00e4ttesaadavusega rahulolematuse ja ettepanekute puhul on kaebuste ja ettepanekute esitamise kohtadena m\u00e4rgitud Erakliinik Hanvari, Tervisekassa piirkondliku osakonna ning maavanema ja Terviseameti kontaktandmed; [<a href=\"https:\/\/www.riigiteataja.ee\/ert\/act.jsp?id=13244290\">RTL 2009, 96, 1438<\/a> \u2013 1.01.2010]\n<p><strong>Ravij\u00e4rjekorra pidamise n\u00f5uded:<\/strong><\/p>\n<p>(1)Erakliini Hanvaris peetakse ravij\u00e4rjekorda paberkandjal ja Watson ning Hammas infos\u00fcsteemis.<br \/>\nLisaks on v\u00f5imalus leida endale aeg digiregistratuuri kaudu.<br \/>\n2) Ravij\u00e4rjekorda registreerib patsient, arst, \u00f5de v\u00f5i raviteenuse osutaja poolt selleks volitatud isik &#8211; administraator.<br \/>\n3) Ravij\u00e4rjekorda registreerimine toimub Erakliinik Hanvari registratuuris; <br \/>\ntelefoni 45 33 380 ja e-posti: hanvar@hanvar ; <a href=\"mailto:registratuur@hanvar.ee\">registratuur@hanvar.ee<\/a>; web: www.hanvar.ee vahendusel Erakliinik Hanvari registratuuris; digiregistratuuris.www.digiregistratuur.ee<br \/>\n4) Patsiendi ravij\u00e4rjekorda registreerimine on tagatud Erakliinik Hanvari tegevuskohas Kauba 19, Kuressaares ning telefoni ja e-posti vahendusel Erakliinik Hanvari registratuuris k\u00f5igil t\u00f6\u00f6p\u00e4evadel ajavahemikus kella\u00a09.00\u201317.00. Erakliinik Hanvar kui Tervishoiuteenuse osutaja on kohustatud esimesel p\u00f6\u00f6rdumisel registreerima nimetatud ajavahemikus saabunud ravij\u00e4rjekorra taotlused olenemata ravij\u00e4rjekorra pikkusest ja muudest asjaoludest.<br \/>\n(2)Patsiendi registreerimisel ravij\u00e4rjekorda, kantakse ravij\u00e4rjekorda j\u00e4rgmised andmed: <br \/>\n1) patsiendi ees- ja perekonnanimi, isikukood v\u00f5i selle puudumisel s\u00fcnniaeg; <br \/>\n2) planeeritav vastuv\u00f5tu aeg; <br \/>\n3) planeeritava tervishoiuteenuse osutamise n\u00e4idustus (diagnoos ja operatsiooni, uuringu v\u00f5i protseduuri nimetus);<br \/>\n4) patsiendi kontaktandmed;<br \/>\n5) suunava arsti kontaktandmed (suunamise olemasolul); <br \/>\n6) patsiendi ravij\u00e4rjekorda registreerimise kuup\u00e4ev; <br \/>\n7) ravij\u00e4rjekorras muudatuste tegemise (ravij\u00e4rjekorras ette- v\u00f5i tahapoole viimise v\u00f5i ravij\u00e4rjekorrast v\u00e4ljaarvamise) kuup\u00e4ev ja p\u00f5hjus; <br \/>\n8) ravij\u00e4rjekorda panemise p\u00f5hjuse kood<sup>1<\/sup>, kui ooteaeg \u00fcletab Tervisekassa n\u00f5ukogu poolt kinnitatud ravij\u00e4rjekorra maksimumpikkust; <br \/>\nRavij\u00e4rjekorda panemise p\u00f5hjused kodeeritakse j\u00e4rgmiselt: 1) kood\u00a062 \u2013 rahalise ressursi piiratus; 2) kood\u00a063 \u2013 teenuse osutaja v\u00f5imsuse puudumine; 3) kood\u00a064 \u2013 patsiendipoolne p\u00f5hjus; 4) kood\u00a065 \u2013 teenuse osutamisega seotud p\u00f5hjus; 5) kood\u00a066 \u2013 muu p\u00f5hjus.<br \/>\n9) m\u00e4rge, et patsienti on teavitatud ravij\u00e4rjekorras muudatuste tegemisest.\u00a0<br \/>\n(3) Erakliinik Hanvari tegevuskohas ravij\u00e4rjekorda registreeritud patsiendile peab administraator andma kirjaliku teatise, mis sisaldab tervishoiuteenuse osutamise aega ja tervishoiuteenust osutava struktuuri\u00fcksuse v\u00f5i tervishoiut\u00f6\u00f6taja nime ja telefoni numbrit.\u00a0<br \/>\n(4) Kui patsient registreeritakse ravij\u00e4rjekorda Erakliinik Hanvari registratuuri telefoni v\u00f5i e-posti teel, peab administraator teatama patsiendile telefoni v\u00f5i Interneti teel tervishoiuteenuse osutamise aja ja tervishoiuteenust osutava struktuuri\u00fcksuse tervishoiut\u00f6\u00f6taja nime ja telefoni numbri.<br \/>\n(5) Erakliinik Hanvari poolt ravij\u00e4rjekorras muudatuse tegemisel on administraator kohustatud patsiendile muudatustest teatama hiljemalt \u00fche t\u00f6\u00f6p\u00e4eva jooksul arvates muudatuste tegemisest.<br \/>\n(6) Kui ravij\u00e4rjekord on pikem kui kuus kuud, siis on Erakliinik Hanvari administraator kohustatud patsienti teavitama teenuse osutamise ajast ja kohast \u00fcks kuu enne tervishoiuteenuse osutamist.<\/p>\n<p><strong>\u00a0<\/strong><strong>Aruandlus <\/strong><\/p>\n<p>(1) Erakliinik Hanvar on kohustatud esitama ravij\u00e4rjekorra pidamist puudutavad andmed Terviseametile ja Tervisekassa kolme t\u00f6\u00f6p\u00e4eva jooksul alates vastava n\u00f5ude saamisest. [<a href=\"https:\/\/www.riigiteataja.ee\/ert\/act.jsp?id=13244290\">RTL 2009, 96, 1438<\/a> \u2013 1.01.2010]<br \/>\nPidama ravij\u00e4rjekorda vastavalt \u201cTervishoiuteenuste korraldamise seaduse\u201d\u00a756 l\u00f5ike 1 punkti 4 alusel sotsiaalministri kehtestatud ravij\u00e4rjekorra pidamise n\u00f5uetele.<br \/>\n<strong>Koostatud vastavalt Sotsiaalministri m\u00e4\u00e4rusele 11.12.2009 nr 95 (<a href=\"https:\/\/www.riigiteataja.ee\/ert\/act.jsp?id=13244290\">RTL 2009, 96, 1438<\/a>) <\/strong><\/p>\n<p><strong>ERAKLIINIK HANVARI AVALDUSTE JA KAEBUSTE ESITAMISE JA L\u00c4BIVAATAMISE KORD <\/strong><\/p>\n<p><strong>\u00a0<\/strong>K\u00e4esolev kord reguleerib Erakliinik Hanvar-is patsientidelt saabunud avalduste ja kaebuste esitamist, l\u00e4bivaatamist ja lahendamist.<br \/>\n1) K\u00f5ik avaldused ja kaebused esitatakse kirjalikult.<br \/>\n2) K\u00f5ik saabunud avaldused ja kaebused registreeritakse administraatori poolt ja edastatakse l\u00e4bivaatamiseks juhatusele.<br \/>\n3) S\u00f5ltuvalt kaebuse iseloomust kaasatakse kaebuse l\u00e4bivaatamisse, arutellu ja lahendamisse vastavate struktuuri\u00fcksuste juhid.<br \/>\n4) Kui kaebus on esitatud konkreetse tervishoiut\u00f6\u00f6taja vastu, n\u00f5utakse k\u00f5nealuselt tervishoiut\u00f6\u00f6tajalt kirjalik seletus toodud asjaolude kohta.<br \/>\n5) Avaldustele ja kaebustele on seda lahendav tervishoiut\u00f6\u00f6taja kohustatud esitama vastuse 10 (k\u00fcmne) t\u00f6\u00f6p\u00e4eva jooksul. Kui avalduses v\u00f5i kaebuses toodud asjaoludele ei leita lahendust m\u00e4rgitud t\u00e4htaja jooksul, teavitatakse avaldajat v\u00f5i kaebuse esitajat viivituse p\u00f5hjustest kirjalikult ja m\u00e4rgitakse vastuse esitamise aeg.<br \/>\n6) Patsiendil on \u00f5igus p\u00f6\u00f6rduda tervishoiuteenuse osutamise suhtes tekkinud kaebusega tervishoiut\u00f6\u00f6tajate tegevuse peale Erakliinik Hanvari juhtkonna, haigekassa piirkondliku osakonna, Terviseameti v\u00f5i Saaremaa Vallavanema poole.<\/p>\n<p><strong>Kontaktandmed:<\/strong><br \/>\nErakliinik AS Hanvar juhataja Varje Haavel 45 33380<\/p>\n<p>Tervisekassa keskkontor,<br \/>\naadressil\u00a0Lastekodu 48, Tallinn 10144 P\u00e4rnu; e-post: info<a href=\"mailto:parnu@haigekassa.ee\"><u>@tervisekassa.ee<\/u><\/a>; koduleht\u00a0<a href=\"http:\/\/www.haigekassa.ee\/\"><u>ww<\/u><\/a><u>w.tervisekassa.ee<\/u>\u00a0infotelefon 16\u00a0363<br \/>\nTervisekassa klienditelefon 669 6630 v\u00f5i infotelefon 16363 (t\u00f6\u00f6ajad E-N 8.30-16.30; R 8.30-14.00), Terviseamet, aadressil Paldiski mnt 81, 10617 Tallinn; e-post:\u00a0kesk@terviseamet.ee; koduleht\u00a0<a href=\"http:\/\/www.terviseamet.ee\/\"><u>www.terviseamet.ee<\/u><\/a>; tel: 7943500<\/p>\n<p>Saaremaa Vallavalitsus<br \/>\nTallinna 10, Kuressaare 93819<br \/>\nE-post: vald@saaremaavald.ee<br \/>\nTel 452 5000<br \/>\nT\u00f6\u00f6aeg: E, T, N 8.00\u201316.30, K 8.00\u201318.00, R 8.00\u201315.00\u00a0<\/p>\n<p><strong>TASUTA HAMBARAVI<\/strong><\/p>\n<p><strong>Erakliinik Hanvaril on leping Tervisekassaga alla 19-aastastele ravikindlustatutele patsientidele tasuta hambaraviteenuse osutamiseks!<br \/>\n<\/strong>Alla 19-aastastele ravikindlustatutele v\u00f5imaldab haigekassa tasuta hambaravi ainult haigekassa lepingupartnerite juures Tervisekassa tervishoiuteenuste loetelus nimetatud teenustele.<br \/>\nNB! P\u00e4rast isiku 19-aastaseks saamist osutatakse tasuta hambaravi \u00fche aasta jooksul ainult juhul, kui ravivajadus ilmnes isiku viimase visiidi ajal enne 19-aastaseks saamist. Tasuta teenust saab sama hambaraviteenuse osutaja juures, kus ravivajadus tutvustati.<br \/>\nNii ravikindlustatud, kui ravikindlustuseta t\u00e4iskasvanutel on \u00f5igus saada tasuta hambaravina vaid v\u00e4ltimatut abi, mida osutatakse siis, kui abi edasil\u00fckkamine v\u00f5i selle andmata j\u00e4tmine v\u00f5ib p\u00f5hjustada abivajaja surma v\u00f5i p\u00fcsiva tervisekahjustuse. Seda, kas tegemist on v\u00e4ltimatu abiga, otsustab hambaarst. V\u00e4ltimatu abi saamiseks p\u00f6\u00f6rduge palun haigekassa lepingupartnerite poole, sest tervisekassa maksab nii ravikindlustatud kui ravikindlustuseta t\u00e4iskasvanule osutatud teenuse eest ainult oma lepingupartneritele.<br \/>\n<strong>Erakliinik Hanvaril on leping Tervisekassaga T\u00e4iskasvanute (v\u00e4hemalt 19-aastaste kindlustatud isikute) hambaravi teenuse osutamiseks.<\/strong><\/p>\n<p><strong>T\u00c4ISKASVANUTE HAMBARAVI<\/strong><\/p>\n<p>Alates 1. jaanuarist 2024 saavad k\u00f5ik ravikindlustusega t\u00e4iskasvanud 60 eurot hambah\u00fcvitist aastas, kusjuures patsient ise tasub v\u00e4hemalt 50% raviarvest.<br \/>\nRasedad, alla \u00fcheaastase lapse emad, vanadus- ja t\u00f6\u00f6v\u00f5imetuspension\u00e4rid, osalise v\u00f5i puuduva t\u00f6\u00f6v\u00f5imega inimesed ning suurenenud ravivajadusega inimesed saavad aastas 105 eurot h\u00fcvitist ning tasuvad arvest v\u00e4hemalt 15% ise.<br \/>\nH\u00fcvitist saab kasutada ainult tervisekassa lepingu s\u00f5lminud hambaarstide juures. H\u00fcvitise summa arvestatakse inimese raviarvelt maha kohe hambaarsti juures maksmise hetkel. \u00dchtegi avaldust ega dokumenti ei pea eraldi haigekassale esitama.<\/p>\n<p><strong>KES SAAVAD H\u00dcVITIST?<\/strong><\/p>\n<ul>\n<li>Eestis ravikindlustatud t\u00e4iskasvanud \u2013 60 eurot aastas<\/li>\n<li>Rasedad ja alla 1-aastase lapse emad \u2013 105 eurot aastas<\/li>\n<li>Osalise v\u00f5i puuduva t\u00f6\u00f6v\u00f5imega inimesed \u2013 105 eurot aastas<\/li>\n<li>\u00dcle 63-aastased ravikindlustatud \u2013 105 eurot aastas<\/li>\n<li>Suurenenud hambaravivajadusega inimesed \u2013 105 eurot aastas<br \/>\nRohkem infot h\u00fcvitise ja hambaravipartnerite kohta leiate:<br \/>\nwww.tervisekassa.ee\/hambaravi<br \/>\ntervisekassa klienditelefonilt +372669 6630 (E\u2013R 8.30\u201316.30), klienditeenindusest saates allkirjastatud avalduse info@tervisekassa.ee<br \/>\nRiigiportaalist www.eesti.ee teenuse alt &#8220;Hambaravih\u00fcvitised isikule&#8221;.<\/li>\n<\/ul>\n<p><strong>MILLISEID TEENUSEID H\u00dcVITATAKSE?<\/strong><\/p>\n<p>H\u00fcvitis kehtib esmavajalikele hambaraviteenustele, millele kehtib \u00fchtne hinnakiri iga haigekassa lepingupartneri juures.<\/p>\n<ul style=\"list-style-type: circle;\">\n<li>hambaarsti esmane v\u00f5i korduv vastuv\u00f5tt<\/li>\n<li>diagnostika (sh r\u00f6ntgen\u00fclesv\u00f5tted)<\/li>\n<li>ravimi asetamine ja ajutise t\u00e4idise paigaldamine<\/li>\n<li>p\u00fcsiva t\u00e4idise paigaldamine<\/li>\n<li>hamba eemaldamine<\/li>\n<li>m\u00e4dakolde avamine ja ravimine<\/li>\n<li>juureravi<\/li>\n<li>igemealuse hambakivi eemaldamine kirurgiliselt<\/li>\n<li>tuimestus<\/li>\n<\/ul>\n<p><strong>KUIDAS H\u00dcVITIST ARVESTATAKSE?<\/strong><\/p>\n<p>Ravikindlustusega t\u00e4iskasvanule kehtib h\u00fcvitis 60 eurot aastas, kusjuures patsient tasub ise 50% teenuse hinnast.<br \/>\nK\u00f5ik \u00fclej\u00e4\u00e4nu, mis ei kuulu esmavajalike teenuste nimekirja, tasub patsient vastavalt hambaarsti enda hinnakirjale.<\/p>\n<p><strong>Erakliinik Hanvaril on leping Tervisekassaga g\u00fcnekoloogia-ja s\u00fcnnitusabi (ambulatoorse) teenuse osutamiseks!<\/strong><\/p>\n<p>Visiit eriarsti juurde: kuni 5 eurot. <br \/>\nNB! Eriarsti juures ei tohi kindlustatult visiiditasu v\u00f5tta:<br \/>\n&#8211; kui inimene suunatakse sama raviasutuse teise tervishoiut\u00f6\u00f6taja juurde &#8211; <br \/>\n&#8211; rasedatelt <br \/>\n&#8211; alla kahe aastastelt lastelt\u00a0<br \/>\n&#8211; v\u00e4ltimatu ambulatoorse abi osutamisel, kui sellele j\u00e4rgneb statsionaarne teenus<br \/>\nNB!\u00a0Kui patsient ei ilmu teenuse osutamiseks kokkulepitud ajal lepingu t\u00e4itmise kohta v\u00f5i \u00fctleb tervishoiuteenuse osutamise lepingu \u00fcles v\u00e4hem kui 24 tundi enne teenuse osutamiseks kokkulepitud aega v\u00f5i,\u00a0on tervishoiuteenuse osutajal \u00f5igus n\u00f5uda patsiendilt j\u00e4rgmise tervishoiuteenuse lepingu t\u00e4itmisel visiiditasu kahekordses suuruses.\u00a0(Ravikindlustuse seaduse \u00a7 70 l\u00f5ige 6)<\/p>\n<p><strong>Erakliinik Hanvaril on leping\u00a0 Tervisekassaga kuni 26.a. noorte reproduktiivtervisealase n\u00f5ustamise ning seksuaalsel teel levivate haiguste ennetamise teenuse osutamiseks.<\/strong><br \/>\nNoorte n\u00f5ustamis keskuses on\u00a0 kuni 26.a. patsientide vastuv\u00f5tt tasuta!<br \/>\nRavikindlustuseta\u00a0 19\u201326 aastaste patsientide eest tasub Tervisekassa!\u00a0<\/p>\n<p><strong>AS Hanvaril on leping Tervisekassaga Haiguste ennetamise projekti \u201eEmakakaelav\u00e4hi varajane avastamine\u201d teenuse osutamiseks!<br \/>\n<\/strong>Teenus on s\u00f5eluuringu sihtgrupile tasuta!<\/p>\n<p><b>ISIKUANDMETE T\u00d6\u00d6TLEMINE<\/b><\/p>\n<p>K\u00f5ik inimese ja tema olemusega seonduv on kirjeldatav andmetena. Inimese isikuandmete hulka kuuluvad n\u00e4iteks tem animi, aadress, kontaktandmed, aga samuti teave varandusliku seisukorra kohta jms. Lisaks kuuluvad isikuandmete hulka oma loomult tundlikumad andmed ehk delikaatsed isikuandmed, milleks on muu hulgas inimese tervise andmed. Niisiis on isikuandmeteks k\u00f5ik isiku tuvastamist v\u00f5imaldavad andmed, s\u00f5ltumata sellest, millisel kujul v\u00f5i millises vormis need andmed on.<\/p>\n<p>Isikuandmete t\u00f6\u00f6tlemine on \u00fcksk\u00f5ik milline isikuandmetega tehtav toiming. AS Erakliinik Hanvar t\u00f6\u00f6tleb isikuandmeid, sealhulgas terviseandmeid eriarstiabi teenuse osutamiseks.<span class=\"Apple-converted-space\">\u00a0<\/span><\/p>\n<p><strong>T\u00f6\u00f6tleme Teie isikuandmeid, kui:<\/strong><\/p>\n<p><b>Satute meie kliinikusse\u00a0<\/b>&#8211; t\u00f6\u00f6tleme Teie isikuandmeid, sealhulgas terviseseisundit puudutavaid andmeid haiguse, vigastuse v\u00f5i m\u00fcrgistuse diagnoosimiseks ja ravimiseks, et leevendada Teie vaevusi, hoida \u00e4ra tervise seisundi halvenemist v\u00f5i haiguse \u00e4genemist ning taastada tervis.<\/p>\n<p><b>Teie l\u00e4hedane on sattunud meie kliinikusse <\/b>&#8211;<b> <\/b>t\u00f6\u00f6tleme Teie isikuandmeid, et kontrollida Teie seotust patsiendiga. Edastame Teile kui patsiendi l\u00e4hedasele patsiendi terviseseisundit kajastavaid andmeid. Seda juhul, kui patsient v\u00f5i uurimist teostav organ (nt politsei) ei ole andmete edastamist keelanud.<\/p>\n<p><b>Patsient on m\u00e4rkinud Teid oma kontaktisikuks\u00a0<\/b>&#8211; t\u00f6\u00f6tleme teie isikuandmeid patsiendiga seotud teabe edastamiseks.<\/p>\n<p><b>Soovite enda ravidokumentide v\u00e4ljastamist\u00a0<\/b>&#8211; kasutame Teie v\u00f5i Teie n\u00f5usolekul dokumentide saamiseks taotluse esitanud inimese isikuandmeid soovitud dokumentide v\u00e4ljastamiseks.<\/p>\n<p><b>Saadate meile selgitustaotluse, m\u00e4rgukirja, teaben\u00f5ude v\u00f5i kaebuse\u00a0<\/b>&#8211; kasutame Teie isikuandmeid kaebuses toodud asjaolude v\u00e4ljaselgitamiseks ning kirjale vastamiseks. Kui olete saatnud meile kirja, millele saab vastata ainult teine asutus, siis edastame kirja sinna ning teavitame sellest Teid.<\/p>\n<p><b>Esitate meile ettepaneku v\u00f5i t\u00e4nukirja <\/b>&#8211;<b> <\/b>avaldame Teie n\u00f5usolekul Teie isikuandmeid (nimi) meie kliinku veebilehel ja siseveebis.<\/p>\n<p><b>Kandideerite meile t\u00f6\u00f6le <\/b>&#8211;<b> <\/b>l\u00e4htume Teie enda avaldatud teabest ning avalikest allikatest kogutud andmetest. Eeldame, et kandidaadi soovitajatena nimetatud isikutega v\u00f5ime suhelda. Igal kandidaadil on \u00f5igus teada, milliseid andmeid me tema kohta oleme kogunud ning tal on \u00f5igus meie kogutud andmetega tutvuda, anda selgitusi v\u00f5i esitada vastuv\u00e4iteid. Teiste kandidaatide andmeid ei avaldata.<\/p>\n<p><b>Kirjavahetus<\/b><\/p>\n<p>K\u00f5ik meile saadetud kirjad registreeritakse<span class=\"Apple-converted-space\">\u00a0 <\/span>kliiniku dokumendihalduss\u00fcsteemis. Eraisikutega peetav kirjavahetus on \u00fcldise juurdep\u00e4\u00e4supiiranguga, kuna kirjad sisaldavad isikuandmeid. See t\u00e4hendab, et kui keegi tahab eraisiku kirjavahetusega v\u00f5i m\u00f5ne dokumendiga tutvuda, siis tuleb tal esitada kliinikule teaben\u00f5ue. Teaben\u00f5ude saamisel vaatame \u00fcle, kas soovitud dokumente tohib v\u00e4ljastada v\u00f5i tohib neid v\u00e4ljastada osaliselt. Osalisel v\u00e4ljastamisel katame kinni need Teie isiklikud andmed, mille t\u00f6\u00f6tlemiseks taotlejal puudub \u00f5igus, et v\u00e4ltida andmete liiasusega v\u00e4ljastamist.<\/p>\n<p>V\u00f5imalikud juurdep\u00e4\u00e4supiirangute alused on toodud<span class=\"Apple-converted-space\">\u00a0<\/span><\/p>\n<p>avaliku teabe seaduse \u00a7-s 35.<\/p>\n<p>Vaatamata juurdep\u00e4\u00e4supiirangule, v\u00e4ljastame Teiega seotud dokumente asutustele v\u00f5i isikutele, kellel on seadusest tulenev \u00f5igus neid dokumente k\u00fcsida (nt politsei, Haigekassa, Terviseamet, kindlustusandja kindlustusjuhtumi esinemisel jms).<\/p>\n<p>Delikaatseid isikuandmeid sisaldavaid dokumente saadame adressaatidele t\u00e4hitud postiga v\u00f5i kr\u00fcpteeritult e-posti teel. Asutustele edastame dokumente v\u00f5imalusel turvalise dokumendivahetuskeskuse kaudu.<\/p>\n<p>Eraisikutega peetud kirjavahetuse s\u00e4ilitame \u00fcldjuhul viis aastat ja seej\u00e4rel dokumendid h\u00e4vitatakse.<\/p>\n<p><b>Enda kohta k\u00e4ivate andmetega tutvumine<\/b><\/p>\n<p>Teil on \u00f5igus tutvuda andmetega, mida oleme Teie kohta kogunud. Selleks esitage meile omak\u00e4eliselt v\u00f5i digitaalselt allkirjastatud taotlus.<\/p>\n<p>Keeldume Teie tutvumissoovi t\u00e4itmast, kui see v\u00f5ib:<\/p>\n<ul>\n<li>Kahjustada teise isiku \u00f5igusi ja vabadusi;<\/li>\n<li>takistada kuriteo t\u00f5kestamist v\u00f5i kurjategija tabamist;<\/li>\n<li>raskendada t\u00f5e v\u00e4ljaselgitamist kriminaalmenetluses;<\/li>\n<li>ohustada lapse p\u00f5lvnemise saladuse kaitsmist.<\/li>\n<\/ul>\n<p>Teil on \u00f5igus n\u00f5uda eba\u00f5igete isikuandmete parandamist. Kui meil ei ole Teie isikuandmete kasutamiseks enam seaduslikku alust, v\u00f5ite n\u00f5uda nende andmete kasutamise l\u00f5petamist v\u00f5i kustutamist. T\u00e4idame Teie esitatud n\u00f5ude andmete parandamiseks, kasutamise l\u00f5petamiseks v\u00f5i kustutamiseks, kui see on p\u00f5hjendatud.<\/p>\n<p>Juhul, kui Teil on kahtlusi meie kliiniku<span class=\"Apple-converted-space\">\u00a0<\/span>arsti tehtud otsuses, on Teil v\u00f5imalik p\u00f6\u00f6rduda m\u00f5ne teise eriarsti poole teisese arvamuse saamiseks, mille eesm\u00e4rk on anda hinnang:<\/p>\n<ul style=\"list-style-type: circle;\">\n<li>Pandud diagnoosi \u00f5igsuse;<\/li>\n<li>patsiendile m\u00e4\u00e4ratud ravimi v\u00f5i tervishoiuteenuse vajalikkuse;<\/li>\n<li>selgitatud alternatiivide ja oodatav m\u00f5ju ning tervishoiuteenuse osutamisega seotud riskide kohta;<\/li>\n<li>\u00f5iguste kaitse ja kontaktandmed.<\/li>\n<\/ul>\n<p>Isikuandmete t\u00f6\u00f6tlemisega seonduvate k\u00fcsimustega v\u00f5ite p\u00f6\u00f6rduda meie kliiniku juhataja poole tel 45 33\u00a0380 v\u00f5i e-posti aadressil <a href=\"mailto:varje.haavel@hanvar.ee\">varje.haavel@hanvar.ee<\/a><\/p>\n<p>Juhul kui Te leiate, et oleme isikuandmete t\u00f6\u00f6tlemisel rikkunud Teie \u00f5igusi, v\u00f5ite p\u00f6\u00f6rduda kaebusega kas kliiniku juhataja v\u00f5i Andmekaitse Inspektsiooni poole ( Tatari 39, Tallinn 10134, e-posti aadressil<span class=\"Apple-converted-space\">\u00a0 <\/span><a href=\"mailto:info@aki.ee\">info@aki.ee<\/a>), tel 6274135<\/p>\n<p>Erakliinik Hanvar teeb k\u00f5ik selleks, et kaitsta Teie isikuandmeid ning j\u00e4rgida andmekaitset ja privaatsust reguleerivaid \u00f5igusakte.<\/p>\n<br \/>\n<p>","protected":false},"excerpt":{"rendered":"<p>AS HANVAR VISIIDITASU rakendamise kord 01.04.2025 Alates 01.04.2025 rakendatakse AS Hanvaris visiiditasu vastavalt Ravikindlustuse seadusele \u00a7 70. Ambulatoorse eriarstiabi visiiditasu: Ambulatoorse eriarstiabi visiiditasu piirm\u00e4\u00e4r hakkab muudatuste kohaselt olema senise viie euro asemel 20 eurot. Samas n\u00e4hakse ette ravikindlustatud isikute r\u00fchmad, kellele kehtib soodsam. viie euro suurune visiiditasu piirm\u00e4\u00e4r: 1) alla 19-aastane; 2) rase; 3) alla&#8230;<\/p>\n","protected":false},"author":1,"featured_media":0,"parent":0,"menu_order":0,"comment_status":"closed","ping_status":"closed","template":"","meta":{"footnotes":""},"class_list":["post-7017","page","type-page","status-publish","hentry"],"_links":{"self":[{"href":"http:\/\/www.hanvar.ee\/uus\/wp-json\/wp\/v2\/pages\/7017","targetHints":{"allow":["GET"]}}],"collection":[{"href":"http:\/\/www.hanvar.ee\/uus\/wp-json\/wp\/v2\/pages"}],"about":[{"href":"http:\/\/www.hanvar.ee\/uus\/wp-json\/wp\/v2\/types\/page"}],"author":[{"embeddable":true,"href":"http:\/\/www.hanvar.ee\/uus\/wp-json\/wp\/v2\/users\/1"}],"replies":[{"embeddable":true,"href":"http:\/\/www.hanvar.ee\/uus\/wp-json\/wp\/v2\/comments?post=7017"}],"version-history":[{"count":32,"href":"http:\/\/www.hanvar.ee\/uus\/wp-json\/wp\/v2\/pages\/7017\/revisions"}],"predecessor-version":[{"id":8139,"href":"http:\/\/www.hanvar.ee\/uus\/wp-json\/wp\/v2\/pages\/7017\/revisions\/8139"}],"wp:attachment":[{"href":"http:\/\/www.hanvar.ee\/uus\/wp-json\/wp\/v2\/media?parent=7017"}],"curies":[{"name":"wp","href":"https:\/\/api.w.org\/{rel}","templated":true}]}}