{"id":84,"date":"2012-11-14T08:54:30","date_gmt":"2012-11-14T08:54:30","guid":{"rendered":"http:\/\/roundone.cmsmasters.net\/?page_id=84"},"modified":"2026-01-06T10:24:16","modified_gmt":"2026-01-06T08:24:16","slug":"contacts","status":"publish","type":"page","link":"http:\/\/www.hanvar.ee\/uus\/contacts\/","title":{"rendered":"Kontakt ja asukoht"},"content":{"rendered":"<p>\n<table width=\"100%\">\n<tbody>\n<tr valign=\"top\">\n<td width=\"50%\">\n<p>Registratuur avatud:<br \/>\nE-R 8,00-17,00<br \/>\nTel +372 45 33 380 <br \/>\nfax +372 45 33 380 <br \/>\ne-mail registratuur@hanvar.ee<\/p>\n<p>Kliiniku juhataja ja naistearst dr. Varje Haavel: varje.haavel@hanvar.ee<\/p>\n<p>Kirurg dr. Hannes Haavel: hannes.haavel@hanvar.ee<\/p>\n<p>Perearsti kabinet: +372 45 38 830, e-mail hanvarperearst@gmail.com<\/p>\n<p>Noorte n\u00f5ustamiskabinet ja Perekool: +372 45 33 382, e-mail noustamis.keskus@mail.ee<\/p>\n<p>Manager Riina Rand tel +372 45 33 905, <br \/>\ne-mail riina.rand@hanvar.ee<\/p>\n<p><strong>Eesti Tervisekassa teade:<\/strong><br \/>\nkoost\u00f6\u00f6s Eesti Perearstide Seltsiga s\u00f5lmitud kokkuleppe Perearsti n\u00f5uandetelefoniga:<\/p>\n<ul>\n<li>H\u00e4davajadusel pikendavad perearsti n\u00f5uandetelefoni arstid ravimiretsepte n\u00e4dalavahetuseti ning riigip\u00fchadel ajavahemikus 08:00\u201322:00.<\/li>\n<\/ul>\n<p>N\u00f5uandetelefon ei v\u00e4ljastata rahustite, uinutite ja ps\u00fchhotroopsete ravimite ja antibiootikumide retsepte v.a. \u00e4geda ts\u00fcstiidi raviks esmavaliku antibiootikum EPS\/EIS haiglav\u00e4liste infektsioonide ravijuhise alusel.<\/p>\n<ul>\n<li>Kui perearsti n\u00f5uandetelefoni meedik otsustab patsiendi COVID-testimise vajalikkuse, vormistab ta selleks saatekirja. Saatekirju v\u00e4ljastatakse E\u2013P 08:00\u201322:00.<\/li>\n<li>N\u00f5uandetelefon v\u00f5ib patsiendi vajadusel EMOsse suunata, dokumenteerides soovituse ka epikriisi.<\/li>\n<li>Riiklikel p\u00fchadel ja n\u00e4dalavahetusel, ajavahemikul 08:00-22.00, saab graafiku alusel t\u00f6\u00f6tavatel inimestel haigestumise korral isikustatud konsultatsiooni k\u00f5ne vastu v\u00f5tnud arst teha haigestumise ning t\u00f6\u00f6v\u00f5imetuslehe avamise vajaduse kohta m\u00e4rke digiloosse. Seej\u00e4rel peab inimene kindlasti esimesel v\u00f5imalusel \u00fchendust v\u00f5tma oma perearstikeskusega, et t\u00f6\u00f6v\u00f5imetuslehe avamise vajadusest m\u00e4rku anda.<\/li>\n<\/ul>\n<p>Siinkohal tuleb arvestada, et tegemist on haiguslehe soovist teatamisega, l\u00f5pliku otsuse lehe kinnitamiseks ning avamiseks teeb inimese perearst.<\/p>\n<br \/>\n<\/td>\n<td width=\"50%\"><iframe loading=\"lazy\" style=\"border: 0px currentColor;\" src=\"https:\/\/www.google.com\/maps\/embed?pb=!1m18!1m12!1m3!1d2099.1853864765926!2d22.479396951880812!3d58.25527838120415!2m3!1f0!2f0!3f0!3m2!1i1024!2i768!4f13.1!3m3!1m2!1s0x46f26ce2dbbdc101%3A0xf0afcfc203605897!2sHanvar+Erakliinik+AS!5e0!3m2!1set!2see!4v1447922412206\" width=\"100%\" height=\"350\" frameborder=\"0\" allowfullscreen=\"allowfullscreen\"><\/iframe><\/td>\n<\/tr>\n<\/tbody>\n<\/table>\n<br \/>\n<p>","protected":false},"excerpt":{"rendered":"<p>Registratuur avatud: E-R 8,00-17,00 Tel +372 45 33 380 fax +372 45 33 380 e-mail registratuur@hanvar.ee Kliiniku juhataja ja naistearst dr. Varje Haavel: varje.haavel@hanvar.ee Kirurg dr. Hannes Haavel: hannes.haavel@hanvar.ee Perearsti kabinet: +372 45 38 830, e-mail hanvarperearst@gmail.com Noorte n\u00f5ustamiskabinet ja Perekool: +372 45 33 382, e-mail noustamis.keskus@mail.ee Manager Riina Rand tel +372 45 33 905,&#8230;<\/p>\n","protected":false},"author":1,"featured_media":0,"parent":0,"menu_order":5,"comment_status":"closed","ping_status":"closed","template":"","meta":{"footnotes":""},"class_list":["post-84","page","type-page","status-publish","hentry"],"_links":{"self":[{"href":"http:\/\/www.hanvar.ee\/uus\/wp-json\/wp\/v2\/pages\/84","targetHints":{"allow":["GET"]}}],"collection":[{"href":"http:\/\/www.hanvar.ee\/uus\/wp-json\/wp\/v2\/pages"}],"about":[{"href":"http:\/\/www.hanvar.ee\/uus\/wp-json\/wp\/v2\/types\/page"}],"author":[{"embeddable":true,"href":"http:\/\/www.hanvar.ee\/uus\/wp-json\/wp\/v2\/users\/1"}],"replies":[{"embeddable":true,"href":"http:\/\/www.hanvar.ee\/uus\/wp-json\/wp\/v2\/comments?post=84"}],"version-history":[{"count":87,"href":"http:\/\/www.hanvar.ee\/uus\/wp-json\/wp\/v2\/pages\/84\/revisions"}],"predecessor-version":[{"id":8168,"href":"http:\/\/www.hanvar.ee\/uus\/wp-json\/wp\/v2\/pages\/84\/revisions\/8168"}],"wp:attachment":[{"href":"http:\/\/www.hanvar.ee\/uus\/wp-json\/wp\/v2\/media?parent=84"}],"curies":[{"name":"wp","href":"https:\/\/api.w.org\/{rel}","templated":true}]}}